{"id":8924,"date":"2020-08-18T11:09:09","date_gmt":"2020-08-18T11:09:09","guid":{"rendered":"http:\/\/yellowinmo.dev.theroomsocial.com\/politica-de-cookies\/"},"modified":"2020-09-29T11:39:24","modified_gmt":"2020-09-29T11:39:24","slug":"politica-de-cookies","status":"publish","type":"page","link":"http:\/\/yellowinmo.dev.theroomsocial.com\/fr\/politica-de-cookies\/","title":{"rendered":"Pol\u00edtica de cookies"},"content":{"rendered":"\n[et_pb_section fb_built=\u00a0\u00bb1&Prime; _builder_version=\u00a0\u00bb3.22&Prime;][et_pb_row _builder_version=\u00a0\u00bb3.25&Prime; background_size=\u00a0\u00bbinitial\u00a0\u00bb background_position=\u00a0\u00bbtop_left\u00a0\u00bb background_repeat=\u00a0\u00bbrepeat\u00a0\u00bb][et_pb_column type=\u00a0\u00bb4_4&Prime; _builder_version=\u00a0\u00bb3.25&Prime; custom_padding=\u00a0\u00bb|||\u00a0\u00bb custom_padding__hover=\u00a0\u00bb|||\u00a0\u00bb][et_pb_post_title meta=\u00a0\u00bboff\u00a0\u00bb featured_image=\u00a0\u00bboff\u00a0\u00bb _builder_version=\u00a0\u00bb4.5.3&Prime; _module_preset=\u00a0\u00bbdefault\u00a0\u00bb title_font=\u00a0\u00bb|700|||||||\u00a0\u00bb title_text_color=\u00a0\u00bb#24688c\u00a0\u00bb title_font_size=\u00a0\u00bb2em\u00a0\u00bb custom_margin=\u00a0\u00bb||||false|false\u00a0\u00bb custom_padding=\u00a0\u00bb||0em||false|false\u00a0\u00bb][\/et_pb_post_title][et_pb_text _builder_version=\u00a0\u00bb4.6.1&Prime; background_size=\u00a0\u00bbinitial\u00a0\u00bb background_position=\u00a0\u00bbtop_left\u00a0\u00bb background_repeat=\u00a0\u00bbrepeat\u00a0\u00bb hover_enabled=\u00a0\u00bb0&Prime; sticky_enabled=\u00a0\u00bb0&Prime;]<p>Una cookie es un peque\u00f1o fichero de texto que se almacena en su navegador cuando visita casi cualquier p\u00e1gina web. Su utilidad es que la web sea capaz de recordar su visita cuando vuelva a navegar por esa p\u00e1gina. Las cookies suelen almacenar informaci\u00f3n de car\u00e1cter t\u00e9cnico, preferencias personales, personalizaci\u00f3n de contenidos, estad\u00edsticas de uso, enlaces a redes sociales, acceso a cuentas de usuario, etc. El objetivo de la cookie es adaptar el contenido de la web a su perfil y necesidades, sin cookies los servicios ofrecidos por cualquier p\u00e1gina se ver\u00edan mermados notablemente. Si desea consultar m\u00e1s informaci\u00f3n sobre qu\u00e9 son las cookies, qu\u00e9 almacenan, c\u00f3mo eliminarlas, desactivarlas, etc., le rogamos se dirija a este enlace.<\/p>\n<h2>Cookies utilizadas en este sitio web<\/h2>\n<p>Siguiendo las directrices de la Agencia Espa\u00f1ola de Protecci\u00f3n de Datos procedemos a detallar el uso de cookies que hace esta web con el fin de informarle con la m\u00e1xima exactitud posible.<\/p>\n<h3><strong>Cookies controladas por el editor<\/strong><\/h3>\n<h4><strong>T\u00e9cnicas y funcionales<\/strong><\/h4>\n<table>\n<tbody>\n<tr>\n<td width=\"122\"><strong>Propiedad<\/strong><\/td>\n<td width=\"109\"><strong>Cookie<\/strong><\/td>\n<td width=\"314\"><strong>Finalidad<\/strong><\/td>\n<td width=\"96\"><strong>Plazo<\/strong><\/td>\n<\/tr>\n<tr>\n<td width=\"122\">\n<p><strong>\u00a0<\/strong><\/p>\n<p>Propia<\/p>\n<\/td>\n<td width=\"109\">\n<p><strong>\u00a0<\/strong><\/p>\n<p><strong><u><\/u>wp-wpml_current_language<u><\/u><\/strong><\/p>\n<\/td>\n<td width=\"314\">Dirije al usuario de este sitio web directamente al contenido multiling\u00fce apropiado seg\u00fan el idioma del navegador.<\/td>\n<td width=\"96\">\n<p><strong>\u00a0<\/strong><\/p>\n<p>1 d\u00eda.<\/p>\n<\/td>\n<\/tr>\n<tr>\n<td width=\"122\">Propia<\/td>\n<td width=\"109\"><strong>moove_gdpr_popup<\/strong><\/td>\n<td width=\"314\">Utilizada para guardar las preferencias sobre cookies.<\/td>\n<td width=\"96\"><strong>\u00a0<\/strong>sesi\u00f3n.<\/td>\n<\/tr>\n<tr>\n<td width=\"122\">Propia<\/td>\n<td width=\"109\"><strong>PHPSESSID<\/strong><\/td>\n<td width=\"314\">Esta cookie es nativa de PHP y permite a la web guardar datos serializados de estado. En esta web se usa para establecer sesiones de usuario pasando datos de estado a trav\u00e9s de una cookie temporal tambi\u00e9n conocida como Cookie de sesi\u00f3n.<\/td>\n<td width=\"96\"><strong> sesi\u00f3n.<\/strong><\/td>\n<\/tr>\n<\/tbody>\n<\/table>\n<p>&nbsp;<\/p>\n<h3><strong>Cookies de terceros<\/strong><\/h3>\n<p>Los servicios de terceros son ajenos al control del editor. Los proveedores pueden modificar en todo momento sus condiciones de servicio, finalidad y utilizaci\u00f3n de las cookies, etc.<\/p>\n<table>\n<tbody>\n<tr>\n<td width=\"122\"><strong>Propiedad<\/strong><\/td>\n<td width=\"109\"><strong>Cookie<\/strong><\/td>\n<td width=\"314\"><strong>Finalidad<\/strong><\/td>\n<td width=\"96\"><strong>Plazo<\/strong><\/td>\n<\/tr>\n<tr>\n<td width=\"122\">\n<p><strong>\u00a0<\/strong><\/p>\n<p>Terceros.<\/p>\n<\/td>\n<td width=\"109\">\n<p><strong>\u00a0<\/strong><\/p>\n<p><strong>wp-wpml_current_admin_language_<\/strong><\/p>\n<p><strong>d41d8cd98f00b204e9800998ecf8427e<\/strong><\/p>\n<\/td>\n<td width=\"314\">Cookie t\u00e9cnica. Perteneciente al plugin WPML para almacenar el lenguaje de la zona de administraci\u00f3n del sitio web.<\/td>\n<td width=\"96\">\n<p><strong>\u00a0<\/strong><\/p>\n<p>1 a\u00f1o.<\/p>\n<\/td>\n<\/tr>\n<tr>\n<td width=\"122\">Terceros<\/td>\n<td width=\"109\"><strong>wordpress_test_cookie<\/strong><\/td>\n<td width=\"314\">Esta cookie se usa para que el gestor de contenidos WordPress compruebe si el navegador tiene las cookies activadas.<\/td>\n<td width=\"96\"><strong>\u00a0<\/strong>sesi\u00f3n.<\/td>\n<\/tr>\n<\/tbody>\n<\/table>\n<p>&nbsp;<\/p>\n<h3>Desactivaci\u00f3n o eliminaci\u00f3n de cookies<\/h3>\n<p>En cualquier momento podr\u00e1 ejercer su derecho de desactivaci\u00f3n o eliminaci\u00f3n de cookies de este sitio web. Estas acciones se realizan de forma diferente en funci\u00f3n del navegador que est\u00e9 usando. <a href=\"http:\/\/yellowinmo.dev.theroomsocial.com\/mas-informacion-sobre-las-cookies\/\">Aqu\u00ed le dejamos una gu\u00eda r\u00e1pida para los navegadores m\u00e1s populares.<\/a><\/p>\n<h3>Notas adicionales<\/h3>\n<p>Ni esta web ni sus representantes legales se hacen responsables ni del contenido ni de la veracidad de las pol\u00edticas de privacidad que puedan tener los terceros mencionados en esta pol\u00edtica de cookies.<\/p>\n<p>Los navegadores web son las herramientas encargadas de almacenar las cookies y desde este lugar debe efectuar su derecho a eliminaci\u00f3n o desactivaci\u00f3n de las mismas. Ni esta web ni sus representantes legales pueden garantizar la correcta o incorrecta manipulaci\u00f3n de las cookies por parte de los mencionados navegadores.<\/p>\n<p>En algunos casos es necesario instalar cookies para que el navegador no olvide su decisi\u00f3n de no aceptaci\u00f3n de las mismas.<\/p>\n<p>En el caso de las cookies de Google Analytics, esta empresa almacena las cookies en servidores ubicados en Estados Unidos y se compromete a no compartirla con terceros, excepto en los casos en los que sea necesario para el funcionamiento del sistema o cuando la ley obligue a tal efecto. Seg\u00fan Google no guarda su direcci\u00f3n IP. Google Inc. es una compa\u00f1\u00eda adherida al Acuerdo de Puerto Seguro que garantiza que todos los datos transferidos ser\u00e1n tratados con un nivel de protecci\u00f3n acorde a la normativa europea. Puede consultar informaci\u00f3n detallada a este respecto en este enlace. Si desea informaci\u00f3n sobre el uso que<\/p>\n<p><a href=\"https:\/\/developers.google.com\/analytics\/devguides\/collection\/analyticsjs\/cookie-usage?hl=es&amp;csw=1\">Google da a las cookies le adjuntamos este otro enlace.<\/a><br \/> Para cualquier duda o consulta acerca de esta pol\u00edtica de cookies no dude en comunicarse con nosotros a trav\u00e9s de la secci\u00f3n de contacto.<\/p>\n[\/et_pb_text][\/et_pb_column][\/et_pb_row][\/et_pb_section]\n","protected":false},"excerpt":{"rendered":"<p>Una cookie es un peque\u00f1o fichero de texto que se almacena en su navegador cuando visita casi cualquier p\u00e1gina web. Su utilidad es que la web sea capaz de recordar su visita cuando vuelva a navegar por esa p\u00e1gina. Las cookies suelen almacenar informaci\u00f3n de car\u00e1cter t\u00e9cnico, preferencias personales, personalizaci\u00f3n de contenidos, estad\u00edsticas de uso, [&hellip;]<\/p>\n","protected":false},"author":1,"featured_media":0,"parent":0,"menu_order":0,"comment_status":"closed","ping_status":"closed","template":"","meta":{"_et_pb_use_builder":"on","_et_pb_old_content":"<!-- wp:paragraph -->\n<p><strong><a href=\"http:\/\/yellowinmo.dev.theroomsocial.com\">www.atlanticocean-properties.com<\/a><\/strong> adoptar\u00e1 todas las Medidas de Seguridad en relaci\u00f3n con el tratamiento realizado y los datos tratados en ellos, de acuerdo con lo previsto en la legislaci\u00f3n vigente en materia de Protecci\u00f3n de Datos de Car\u00e1cter Personal, y normas complementarias.<\/p>\n<!-- \/wp:paragraph -->\n\n<!-- wp:paragraph -->\n<p>Los interesados que faciliten datos de car\u00e1cter personal, consienten inequ\u00edvocamente la incorporaci\u00f3n de sus datos a los sistemas de informaci\u00f3n, de los que sea responsable&nbsp;<strong>www.atlanticocean-properties.com&nbsp;<\/strong>as\u00ed como el tratamiento informatizado, o no, de los mismos para que puedan ser utilizados con la finalidad para la cual han sido recabados. Cualquier otro uso necesitar\u00e1 el consentimiento inequ\u00edvoco del afectado.<\/p>\n<!-- \/wp:paragraph -->\n\n<!-- wp:paragraph -->\n<p>Los interesados cuyos datos sean objeto de tratamiento podr\u00e1n ejercitar gratuitamente los derechos de acceso, rectificaci\u00f3n, supresi\u00f3n, limitaci\u00f3n del tratamiento, portabilidad y oposici\u00f3n, sin efectos retroactivos dirigiendo comunicaci\u00f3n por escrito a&nbsp;<strong>www.atlanticocean-properties.com<\/strong><\/p>\n<!-- \/wp:paragraph -->\n\n<!-- wp:paragraph -->\n<p>En el momento de proceder a la recogida de los datos se indicar\u00e1 el car\u00e1cter voluntario u obligatorio de los datos objeto de recogida. La negativa a proporcionar los datos calificados como obligatorios supondr\u00e1 la no prestaci\u00f3n o la imposibilidad de acceder al servicio para los que eran solicitados.<\/p>\n<!-- \/wp:paragraph -->\n\n<!-- wp:paragraph -->\n<p>En el caso de que los interesados debieran facilitar su direcci\u00f3n de correo electr\u00f3nico para acceder a algunos de los servicios ofertados, podr\u00e1n manifestar que no desean recibir ning\u00fan tipo de comunicaci\u00f3n que\u00a0<strong>www.atlanticocean-properties.com\u00a0<\/strong>pudiese enviar, siempre que no est\u00e9 ligada estrictamente a la finalidad para la que se solicit\u00f3 el servicio<strong>\u00a0www.atlanticocean-properties.com\u00a0<\/strong>pondr\u00e1 a disposici\u00f3n de los interesados que se hubiesen inscrito en alg\u00fan tipo de lista de correo dentro de este website los mecanismos adecuados para darse de baja de la misma.<\/p>\n<!-- \/wp:paragraph -->\n\n<!-- wp:paragraph -->\n<p>Estamos aqu\u00ed<\/p>\n<!-- \/wp:paragraph -->\n\n<!-- wp:paragraph -->\n<p><strong><u>Deber de informaci\u00f3n LSSI<\/u><\/strong><\/p>\n<!-- \/wp:paragraph -->\n\n<!-- wp:paragraph -->\n<p>En cumplimiento con lo previsto en la Ley 34\/2002, de 11 de julio, de Servicios de la Sociedad de la Informaci\u00f3n y Comercio Electr\u00f3nico, se comunican los siguientes datos<\/p>\n<!-- \/wp:paragraph -->\n\n<!-- wp:paragraph -->\n<p><strong>ATLANTIC OCEAN PROPERTIES S.C<\/strong><\/p>\n<!-- \/wp:paragraph -->\n\n<!-- wp:paragraph -->\n<p><strong>C.I.F.:&nbsp;78530927A<\/strong><\/p>\n<!-- \/wp:paragraph -->\n\n<!-- wp:paragraph -->\n<p><strong><a href=\"http:\/\/yellowinmo.dev.theroomsocial.com\">www.atlanticocean-properties.com<\/a><\/strong><\/p>\n<!-- \/wp:paragraph -->\n\n<!-- wp:paragraph -->\n<p><strong><a href=\"mailto:contacto@atlanticocean-properties.com\">contacto@atlanticocean-properties.com<\/a><\/strong><\/p>\n<!-- \/wp:paragraph -->","_et_gb_content_width":"1080","footnotes":""},"class_list":["post-8924","page","type-page","status-publish","hentry"],"_links":{"self":[{"href":"http:\/\/yellowinmo.dev.theroomsocial.com\/fr\/wp-json\/wp\/v2\/pages\/8924","targetHints":{"allow":["GET"]}}],"collection":[{"href":"http:\/\/yellowinmo.dev.theroomsocial.com\/fr\/wp-json\/wp\/v2\/pages"}],"about":[{"href":"http:\/\/yellowinmo.dev.theroomsocial.com\/fr\/wp-json\/wp\/v2\/types\/page"}],"author":[{"embeddable":true,"href":"http:\/\/yellowinmo.dev.theroomsocial.com\/fr\/wp-json\/wp\/v2\/users\/1"}],"replies":[{"embeddable":true,"href":"http:\/\/yellowinmo.dev.theroomsocial.com\/fr\/wp-json\/wp\/v2\/comments?post=8924"}],"version-history":[{"count":1,"href":"http:\/\/yellowinmo.dev.theroomsocial.com\/fr\/wp-json\/wp\/v2\/pages\/8924\/revisions"}],"predecessor-version":[{"id":8928,"href":"http:\/\/yellowinmo.dev.theroomsocial.com\/fr\/wp-json\/wp\/v2\/pages\/8924\/revisions\/8928"}],"wp:attachment":[{"href":"http:\/\/yellowinmo.dev.theroomsocial.com\/fr\/wp-json\/wp\/v2\/media?parent=8924"}],"curies":[{"name":"wp","href":"https:\/\/api.w.org\/{rel}","templated":true}]}}