{"id":8921,"date":"2020-08-18T11:05:45","date_gmt":"2020-08-18T11:05:45","guid":{"rendered":"http:\/\/yellowinmo.dev.theroomsocial.com\/terminos-y-condiciones\/"},"modified":"2020-09-29T11:39:27","modified_gmt":"2020-09-29T11:39:27","slug":"terminos-y-condiciones","status":"publish","type":"page","link":"http:\/\/yellowinmo.dev.theroomsocial.com\/fr\/terminos-y-condiciones\/","title":{"rendered":"T\u00e9rminos y Condiciones"},"content":{"rendered":"\n[et_pb_section fb_built=\u00a0\u00bb1&Prime; _builder_version=\u00a0\u00bb3.22&Prime;][et_pb_row _builder_version=\u00a0\u00bb3.25&Prime; background_size=\u00a0\u00bbinitial\u00a0\u00bb background_position=\u00a0\u00bbtop_left\u00a0\u00bb background_repeat=\u00a0\u00bbrepeat\u00a0\u00bb][et_pb_column type=\u00a0\u00bb4_4&Prime; _builder_version=\u00a0\u00bb3.25&Prime; custom_padding=\u00a0\u00bb|||\u00a0\u00bb custom_padding__hover=\u00a0\u00bb|||\u00a0\u00bb][et_pb_post_title meta=\u00a0\u00bboff\u00a0\u00bb featured_image=\u00a0\u00bboff\u00a0\u00bb _builder_version=\u00a0\u00bb4.5.3&Prime; _module_preset=\u00a0\u00bbdefault\u00a0\u00bb title_font=\u00a0\u00bb|700|||||||\u00a0\u00bb title_text_color=\u00a0\u00bb#24688c\u00a0\u00bb title_font_size=\u00a0\u00bb2em\u00a0\u00bb custom_margin=\u00a0\u00bb||||false|false\u00a0\u00bb custom_padding=\u00a0\u00bb||0em||false|false\u00a0\u00bb][\/et_pb_post_title][et_pb_text _builder_version=\u00a0\u00bb4.5.3&Prime; background_size=\u00a0\u00bbinitial\u00a0\u00bb background_position=\u00a0\u00bbtop_left\u00a0\u00bb background_repeat=\u00a0\u00bbrepeat\u00a0\u00bb hover_enabled=\u00a0\u00bb0&Prime;]<h2>Informaci\u00f3n general<\/h2>\n<p>La pagina www.atlanticocean-properties.com es un dominio en Internet, que contiene un portal o pagina Web, cuya titularidad es de ATLANTIC OCEAN PROPERTIES S.C (en adelante La Empresa), con C.I.F. 78530927A, y con domicilio social en Camino de la Acedera, 7, 11130, Chiclana de la Frontera (C\u00e1diz).<\/p>\n<p>La p\u00e1gina Web tiene por objeto facilitar al usuario y clientes informaci\u00f3n relativa a las actividades y servicios de la organizaci\u00f3n.<\/p>\n<p>Con esta pagina Web, se pretende prestar un servicio \u00fatil, por lo que las sugerencias de los usuarios son bienvenidas. Pero si no esta de acuerdo con alguna de las condiciones contenidas en este aviso, deber\u00e1 dejar de utilizar la pagina Web. El acceso a la misma implica la aceptaci\u00f3n de las mismas sin reservas. La utilizaci\u00f3n de determinados servicios ofrecidos en este sitio se regir\u00e1, adem\u00e1s, por las condiciones particulares previstas en cada caso, las cuales se entender\u00e1n aceptadas por el mero uso de tales servicios.<\/p>\n<h2>Condiciones de utilizaci\u00f3n del portal<\/h2>\n<p>Las condiciones establecidas a continuaci\u00f3n regulan el uso permitido de la p\u00e1gina Web:<\/p>\n<p><strong>1. Acceso:<\/strong> Los usuarios pueden visitar las secciones p\u00fablicas del portal libremente.<\/p>\n<p><strong>2. Modificaciones de la p\u00e1gina e interrupciones o errores en el acceso:<\/strong> La Empresa, se reserva la facultad de efectuar, en cualquier momento y sin necesidad de previo aviso, modificaciones y actualizaciones de la informaci\u00f3n contenida en la p\u00e1gina Web, de la configuraci\u00f3n y presentaci\u00f3n de \u00e9sta y de las condiciones de acceso.<\/p>\n<p>La Empresa no es responsable de los fallos que se produzcan en las comunicaciones, no garantizando la disponibilidad y continuidad del funcionamiento del portal y de los servicios, por ello no garantiza la inexistencia de interrupciones o errores en el acceso a la pagina Web o a su contenido. Adem\u00e1s, llevara a cabo, siempre que no concurran causas que lo hagan imposible o de dif\u00edcil ejecuci\u00f3n, y tan pronto tenga noticia de los errores, desconexiones o falta de actualizaci\u00f3n en los contenidos, todas aquellas labores tendentes a subsanar los errores, restablecer la comunicaci\u00f3n y actualizar los contenidos.<\/p>\n<p><strong>3. Propiedad intelectual:<\/strong> Salvo indicaci\u00f3n expresa, el contenido de la p\u00e1gina Web, im\u00e1genes, textos y datos, son propiedad de La Empresa. Asimismo, es propiedad su c\u00f3digo fuente, dise\u00f1o y estructura de navegaci\u00f3n. Corresponde a La Empresa el ejercicio exclusivo de los derechos de explotaci\u00f3n de los mismos en cualquier forma, y en especial los derechos de reproducci\u00f3n, distribuci\u00f3n, comunicaci\u00f3n p\u00fablica y transformaci\u00f3n .Todo este material esta protegido por la legislaci\u00f3n de la propiedad intelectual y su uso indebido puede ser objeto de sanciones, incluso penales.<\/p>\n<p>La consulta o descarga de contenidos de la p\u00e1gina o de cualquier software no implicara la cesi\u00f3n de ning\u00fan derecho de propiedad intelectual o industrial sobre los mismos.<\/p>\n<p>Se autoriza la visualizaci\u00f3n, impresi\u00f3n y descarga parcial del contenido de la p\u00e1gina Web s\u00f3lo y exclusivamente si concurren las siguientes condiciones:<\/p>\n<p>Que sea compatible con los fines de la p\u00e1gina Web.<\/p>\n<p>Que no se realice con fines comerciales o para su distribuci\u00f3n, comunicaci\u00f3n p\u00fablica o transformaci\u00f3n.<\/p>\n<p>Que ninguno de los contenidos de la p\u00e1gina Web sea modificado.<\/p>\n<p>Que ning\u00fan grafico, icono o imagen disponible en la Web sea utilizado, copiado o distribuido separadamente del texto o del resto de im\u00e1genes que lo acompa\u00f1an.<\/p>\n<p>Que se cite la fuente.<\/p>\n<p>Toda la informaci\u00f3n que se reciba en estas p\u00e1ginas, tal como comentarios, sugerencias o ideas, se considerara cedida a t\u00edtulo gratuito. No env\u00ede informaci\u00f3n que no pueda ser tratada de esta forma.<\/p>\n<p><strong>4. Seguridad:<\/strong> La Empresa consciente de los riesgos derivados de enfrentarse a los nuevos retos que supone extender sus servicios a trav\u00e9s de Internet, ha dispuesto de exigentes medidas de seguridad para reducir dichos riesgos.<\/p>\n<p>No obstante, no se puede garantizar la invulnerabilidad absoluta de sus sistemas de seguridad, por lo que excluye cualquier tipo de responsabilidad por da\u00f1os y perjuicios de toda naturaleza que puedan deberse a la presencia de virus u otros elementos que puedan producir alteraciones en el sistema inform\u00e1tico(software y hardware), documentos electr\u00f3nicos y ficheros del usuario o de cualquier tercero, incluyendo los que se produzcan en los servicios prestados por terceros a trav\u00e9s de este portal.<\/p>\n<p>Los usuarios quedan informados de que la utilizaci\u00f3n de los sistemas electr\u00f3nicos de transmisi\u00f3n de datos y el correo electr\u00f3nico no ofrece garant\u00edas absolutas de seguridad. El usuario de se exonera mutuamente de cualquier responsabilidad derivada de hechos como la no recepci\u00f3n o la demora de la misma, el error o intercepci\u00f3n de las comunicaciones.<\/p>\n<p><strong>5. Contenidos y p\u00e1ginas enlazadas:<\/strong> La informaci\u00f3n contenida en esta Web, tiene car\u00e1cter meramente informativo; y, en ning\u00fan caso, constituye ning\u00fan tipo obligaci\u00f3n contractual.<\/p>\n<p>La funci\u00f3n de los links, o enlaces, que aparecen en esta pagina es exclusivamente la de informar al usuario sobre la existencia de otras fuentes de informaci\u00f3n sobre la materia en Internet, donde podr\u00e1 ampliar o completar los datos ofrecidos en esta pagina. No ser\u00e1 responsable del resultado obtenido a trav\u00e9s de dichos enlaces.<\/p>\n<p>En todo caso, La Empresa no asume responsabilidad alguna derivada de los contenidos enlazados desde la su pagina Web, ni garantiza la ausencia de virus u otros elementos en los mismos que puedan producir alteraciones en el sistema inform\u00e1tico (hardware y software), en los documentos o los ficheros del usuario, excluyendo cualquier responsabilidad por los da\u00f1os de cualquier clase causados al usuario por este motivo.<\/p>\n<p>Aunque los enlaces son supervisados regularmente para que no suceda, en el caso de que cualquier usuario o un tercero, considerara que el contenido o los servicios prestados por las paginas enlazadas son il\u00edcitos, vulneran valores o principios constitucionales, o lesionan bienes o derechos del propio usuario o de un tercero se ruega que se comunique inmediatamente a La Empresa, dicha circunstancia y especialmente si los enlaces consisten en:<\/p>\n<p>Actividades o contenidos susceptibles de ser considerados delictivos conforme la normativa penal espa\u00f1ola.<\/p>\n<p>Actividades o contenidos que violen derechos de propiedad intelectual o industrial.<\/p>\n<p>Actividades o contenidos que pongan en peligro el orden p\u00fablico, la investigaci\u00f3n penal, la seguridad p\u00fablica y la defensa nacional.<\/p>\n<p>Actividades o contenidos que pongan en peligro la protecci\u00f3n de la salud p\u00fablica, el respeto a la dignidad de la persona, al principio de no discriminaci\u00f3n, la protecci\u00f3n de la salud y la infancia o cualquier otro valor o principio constitucional.<\/p>\n<p><strong>6. Protecci\u00f3n de datos personales:<\/strong> Los datos personales vinculados a esta Web respetan las exigencias de la legislaci\u00f3n vigente en materia de protecci\u00f3n de datos personales.<\/p>\n<p>La Empresa, tratara los datos de car\u00e1cter personal que se recojan a trav\u00e9s de esta Web cumpliendo con la normativa vigente sobre protecci\u00f3n de datos.<\/p>\n<p>As\u00ed:<\/p>\n<p>\u2013 la inclusi\u00f3n en ficheros es absolutamente voluntaria y es debidamente anunciada<\/p>\n<p>\u2013 los ficheros a los que se incorporen datos personales est\u00e1n dados de alta en las Agencias de Protecci\u00f3n de Datos competentes, y protegidos por las medidas de seguridad exigidas por la legislaci\u00f3n.<\/p>\n<p>\u2013 los datos s\u00f3lo ser\u00e1n utilizados para la finalidad para la que se hayan recogido<\/p>\n<p>\u2013 todas las personas que se incorporen al fichero creado podr\u00e1n ejercer los derechos de acceso, rectificaci\u00f3n, cancelaci\u00f3n y oposici\u00f3n en la forma prevista por la normativa vigente de protecci\u00f3n de datos<\/p>\n<p>\u2013 salvo indicaci\u00f3n en diferente sentido, el responsable del fichero ser\u00e1 La Empresa, donde el usuario podr\u00e1 dirigirse para ejercitar los derechos de acceso, rectificaci\u00f3n, oposici\u00f3n y cancelaci\u00f3n.<\/p>\n<p><strong>7. Enlace de terceros a la Web www.atlanticocean-properties.com:<\/strong> Todo enlace de terceros a la Web debe serlo a su p\u00e1gina principal, quedando expresamente prohibidos los \u201clinks profundos\u201d, el \u201cframing\u201d y cualquier otro aprovechamiento de los contenidos de la Web a favor de terceros no autorizados.<\/p>\n<p><strong>8. Responsabilidades:<\/strong> No ser\u00e1, en ning\u00fan caso, responsable, por los da\u00f1os y perjuicios de cualquier tipo derivados, directa o indirectamente, de la falta de lectura de este aviso, o del incumplimiento de las obligaciones especificadas en las condiciones establecidas en el mismo. Asimismo, de acuerdo con lo expuesto en estas condiciones, La Empresa excluye cualquier responsabilidad por los da\u00f1os y perjuicios de toda naturaleza que puedan deberse a la transmisi\u00f3n, difusi\u00f3n, almacenamiento, puesta a disposici\u00f3n, recepci\u00f3n, obtenci\u00f3n o acceso a la p\u00e1gina Web o sus contenidos.<\/p>\n<p>No se responsabiliza del uso indebido del portal y de sus contenidos y servicios, ni puede garantizar, aunque sea su \u00e1nimo, la certeza de sus contenidos. Igualmente no garantiza la veracidad de los contenidos publicitarios de cualquier bien, producto o servicio anunciado.<\/p>\n<p>El usuario responder\u00e1 de los da\u00f1os y perjuicios que una actitud negligente suya pudiera ocasionar a este portal.<\/p>\n<p><strong>9. Fuero jurisdiccional:<\/strong> La Empresa y el usuario, con renuncia expresa a cualquier otro fuero, se someten para cualquier controversia que pudiera derivarse del acceso o uso de la Web al de los Juzgados y Tribunales donde radique la actividad de la organizaci\u00f3n.<\/p>\n[\/et_pb_text][\/et_pb_column][\/et_pb_row][\/et_pb_section]\n","protected":false},"excerpt":{"rendered":"<p>Informaci\u00f3n general La pagina www.atlanticocean-properties.com es un dominio en Internet, que contiene un portal o pagina Web, cuya titularidad es de ATLANTIC OCEAN PROPERTIES S.C (en adelante La Empresa), con C.I.F. 78530927A, y con domicilio social en Camino de la Acedera, 7, 11130, Chiclana de la Frontera (C\u00e1diz). La p\u00e1gina Web tiene por objeto facilitar [&hellip;]<\/p>\n","protected":false},"author":1,"featured_media":0,"parent":0,"menu_order":0,"comment_status":"closed","ping_status":"closed","template":"","meta":{"_et_pb_use_builder":"on","_et_pb_old_content":"<!-- wp:paragraph -->\n<p><strong><a href=\"http:\/\/yellowinmo.dev.theroomsocial.com\">www.atlanticocean-properties.com<\/a><\/strong> adoptar\u00e1 todas las Medidas de Seguridad en relaci\u00f3n con el tratamiento realizado y los datos tratados en ellos, de acuerdo con lo previsto en la legislaci\u00f3n vigente en materia de Protecci\u00f3n de Datos de Car\u00e1cter Personal, y normas complementarias.<\/p>\n<!-- \/wp:paragraph -->\n\n<!-- wp:paragraph -->\n<p>Los interesados que faciliten datos de car\u00e1cter personal, consienten inequ\u00edvocamente la incorporaci\u00f3n de sus datos a los sistemas de informaci\u00f3n, de los que sea responsable&nbsp;<strong>www.atlanticocean-properties.com&nbsp;<\/strong>as\u00ed como el tratamiento informatizado, o no, de los mismos para que puedan ser utilizados con la finalidad para la cual han sido recabados. Cualquier otro uso necesitar\u00e1 el consentimiento inequ\u00edvoco del afectado.<\/p>\n<!-- \/wp:paragraph -->\n\n<!-- wp:paragraph -->\n<p>Los interesados cuyos datos sean objeto de tratamiento podr\u00e1n ejercitar gratuitamente los derechos de acceso, rectificaci\u00f3n, supresi\u00f3n, limitaci\u00f3n del tratamiento, portabilidad y oposici\u00f3n, sin efectos retroactivos dirigiendo comunicaci\u00f3n por escrito a&nbsp;<strong>www.atlanticocean-properties.com<\/strong><\/p>\n<!-- \/wp:paragraph -->\n\n<!-- wp:paragraph -->\n<p>En el momento de proceder a la recogida de los datos se indicar\u00e1 el car\u00e1cter voluntario u obligatorio de los datos objeto de recogida. La negativa a proporcionar los datos calificados como obligatorios supondr\u00e1 la no prestaci\u00f3n o la imposibilidad de acceder al servicio para los que eran solicitados.<\/p>\n<!-- \/wp:paragraph -->\n\n<!-- wp:paragraph -->\n<p>En el caso de que los interesados debieran facilitar su direcci\u00f3n de correo electr\u00f3nico para acceder a algunos de los servicios ofertados, podr\u00e1n manifestar que no desean recibir ning\u00fan tipo de comunicaci\u00f3n que\u00a0<strong>www.atlanticocean-properties.com\u00a0<\/strong>pudiese enviar, siempre que no est\u00e9 ligada estrictamente a la finalidad para la que se solicit\u00f3 el servicio<strong>\u00a0www.atlanticocean-properties.com\u00a0<\/strong>pondr\u00e1 a disposici\u00f3n de los interesados que se hubiesen inscrito en alg\u00fan tipo de lista de correo dentro de este website los mecanismos adecuados para darse de baja de la misma.<\/p>\n<!-- \/wp:paragraph -->\n\n<!-- wp:paragraph -->\n<p>Estamos aqu\u00ed<\/p>\n<!-- \/wp:paragraph -->\n\n<!-- wp:paragraph -->\n<p><strong><u>Deber de informaci\u00f3n LSSI<\/u><\/strong><\/p>\n<!-- \/wp:paragraph -->\n\n<!-- wp:paragraph -->\n<p>En cumplimiento con lo previsto en la Ley 34\/2002, de 11 de julio, de Servicios de la Sociedad de la Informaci\u00f3n y Comercio Electr\u00f3nico, se comunican los siguientes datos<\/p>\n<!-- \/wp:paragraph -->\n\n<!-- wp:paragraph -->\n<p><strong>ATLANTIC OCEAN PROPERTIES S.C<\/strong><\/p>\n<!-- \/wp:paragraph -->\n\n<!-- wp:paragraph -->\n<p><strong>C.I.F.:&nbsp;78530927A<\/strong><\/p>\n<!-- \/wp:paragraph -->\n\n<!-- wp:paragraph -->\n<p><strong><a href=\"http:\/\/yellowinmo.dev.theroomsocial.com\">www.atlanticocean-properties.com<\/a><\/strong><\/p>\n<!-- \/wp:paragraph -->\n\n<!-- wp:paragraph -->\n<p><strong><a href=\"mailto:contacto@atlanticocean-properties.com\">contacto@atlanticocean-properties.com<\/a><\/strong><\/p>\n<!-- \/wp:paragraph -->","_et_gb_content_width":"1080","footnotes":""},"class_list":["post-8921","page","type-page","status-publish","hentry"],"_links":{"self":[{"href":"http:\/\/yellowinmo.dev.theroomsocial.com\/fr\/wp-json\/wp\/v2\/pages\/8921","targetHints":{"allow":["GET"]}}],"collection":[{"href":"http:\/\/yellowinmo.dev.theroomsocial.com\/fr\/wp-json\/wp\/v2\/pages"}],"about":[{"href":"http:\/\/yellowinmo.dev.theroomsocial.com\/fr\/wp-json\/wp\/v2\/types\/page"}],"author":[{"embeddable":true,"href":"http:\/\/yellowinmo.dev.theroomsocial.com\/fr\/wp-json\/wp\/v2\/users\/1"}],"replies":[{"embeddable":true,"href":"http:\/\/yellowinmo.dev.theroomsocial.com\/fr\/wp-json\/wp\/v2\/comments?post=8921"}],"version-history":[{"count":1,"href":"http:\/\/yellowinmo.dev.theroomsocial.com\/fr\/wp-json\/wp\/v2\/pages\/8921\/revisions"}],"predecessor-version":[{"id":8932,"href":"http:\/\/yellowinmo.dev.theroomsocial.com\/fr\/wp-json\/wp\/v2\/pages\/8921\/revisions\/8932"}],"wp:attachment":[{"href":"http:\/\/yellowinmo.dev.theroomsocial.com\/fr\/wp-json\/wp\/v2\/media?parent=8921"}],"curies":[{"name":"wp","href":"https:\/\/api.w.org\/{rel}","templated":true}]}}