{"id":4404,"date":"2020-08-12T07:19:13","date_gmt":"2020-08-12T07:19:13","guid":{"rendered":"http:\/\/yellowinmo.dev.theroomsocial.com\/privacy-policy\/"},"modified":"2020-09-18T10:00:06","modified_gmt":"2020-09-18T10:00:06","slug":"politique-de-confidentialite","status":"publish","type":"page","link":"http:\/\/yellowinmo.dev.theroomsocial.com\/fr\/politique-de-confidentialite\/","title":{"rendered":"Politique de confidentialit\u00e9"},"content":{"rendered":"\n\n\n[et_pb_section fb_built=\u00a0\u00bb1&Prime; _builder_version=\u00a0\u00bb3.22&Prime;][et_pb_row _builder_version=\u00a0\u00bb3.25&Prime; background_size=\u00a0\u00bbinitial\u00a0\u00bb background_position=\u00a0\u00bbtop_left\u00a0\u00bb background_repeat=\u00a0\u00bbrepeat\u00a0\u00bb][et_pb_column type=\u00a0\u00bb4_4&Prime; _builder_version=\u00a0\u00bb3.25&Prime; custom_padding=\u00a0\u00bb|||\u00a0\u00bb custom_padding__hover=\u00a0\u00bb|||\u00a0\u00bb][et_pb_post_title _builder_version=\u00a0\u00bb4.5.3&Prime; _module_preset=\u00a0\u00bbdefault\u00a0\u00bb meta=\u00a0\u00bboff\u00a0\u00bb featured_image=\u00a0\u00bboff\u00a0\u00bb hover_enabled=\u00a0\u00bb0&Prime; title_text_color=\u00a0\u00bb#24688c\u00a0\u00bb title_font=\u00a0\u00bb|700|||||||\u00a0\u00bb title_font_size=\u00a0\u00bb2em\u00a0\u00bb custom_padding=\u00a0\u00bb||0em||false|false\u00a0\u00bb custom_margin=\u00a0\u00bb||||false|false\u00a0\u00bb][\/et_pb_post_title][et_pb_text _builder_version=\u00a0\u00bb3.27.4&Prime; background_size=\u00a0\u00bbinitial\u00a0\u00bb background_position=\u00a0\u00bbtop_left\u00a0\u00bb background_repeat=\u00a0\u00bbrepeat\u00a0\u00bb]<!-- divi:paragraph -->\n<p><strong><a href=\"http:\/\/yellowinmo.dev.theroomsocial.com\">www.atlanticocean-properties.com<\/a><\/strong> adoptar\u00e1 todas las Medidas de Seguridad en relaci\u00f3n con el tratamiento realizado y los datos tratados en ellos, de acuerdo con lo previsto en la legislaci\u00f3n vigente en materia de Protecci\u00f3n de Datos de Car\u00e1cter Personal, y normas complementarias.<\/p>\n<!-- \/divi:paragraph --> <!-- divi:paragraph -->\n<p>Los interesados que faciliten datos de car\u00e1cter personal, consienten inequ\u00edvocamente la incorporaci\u00f3n de sus datos a los sistemas de informaci\u00f3n, de los que sea responsable\u00a0<strong>www.atlanticocean-properties.com\u00a0<\/strong>as\u00ed como el tratamiento informatizado, o no, de los mismos para que puedan ser utilizados con la finalidad para la cual han sido recabados. Cualquier otro uso necesitar\u00e1 el consentimiento inequ\u00edvoco del afectado.<\/p>\n<!-- \/divi:paragraph --> <!-- divi:paragraph -->\n<p>Los interesados cuyos datos sean objeto de tratamiento podr\u00e1n ejercitar gratuitamente los derechos de acceso, rectificaci\u00f3n, supresi\u00f3n, limitaci\u00f3n del tratamiento, portabilidad y oposici\u00f3n, sin efectos retroactivos dirigiendo comunicaci\u00f3n por escrito a\u00a0<strong>www.atlanticocean-properties.com<\/strong><\/p>\n<!-- \/divi:paragraph --> <!-- divi:paragraph -->\n<p>En el momento de proceder a la recogida de los datos se indicar\u00e1 el car\u00e1cter voluntario u obligatorio de los datos objeto de recogida. La negativa a proporcionar los datos calificados como obligatorios supondr\u00e1 la no prestaci\u00f3n o la imposibilidad de acceder al servicio para los que eran solicitados.<\/p>\n<!-- \/divi:paragraph --> <!-- divi:paragraph -->\n<p>En el caso de que los interesados debieran facilitar su direcci\u00f3n de correo electr\u00f3nico para acceder a algunos de los servicios ofertados, podr\u00e1n manifestar que no desean recibir ning\u00fan tipo de comunicaci\u00f3n que\u00a0<strong>www.atlanticocean-properties.com\u00a0<\/strong>pudiese enviar, siempre que no est\u00e9 ligada estrictamente a la finalidad para la que se solicit\u00f3 el servicio<strong>\u00a0www.atlanticocean-properties.com\u00a0<\/strong>pondr\u00e1 a disposici\u00f3n de los interesados que se hubiesen inscrito en alg\u00fan tipo de lista de correo dentro de este website los mecanismos adecuados para darse de baja de la misma.<\/p>\n<!-- \/divi:paragraph --> <!-- divi:paragraph -->\n<p>Estamos aqu\u00ed<\/p>\n<!-- \/divi:paragraph --> <!-- divi:paragraph -->\n<p><strong><u>Deber de informaci\u00f3n LSSI<\/u><\/strong><\/p>\n<!-- \/divi:paragraph --> <!-- divi:paragraph -->\n<p>En cumplimiento con lo previsto en la Ley 34\/2002, de 11 de julio, de Servicios de la Sociedad de la Informaci\u00f3n y Comercio Electr\u00f3nico, se comunican los siguientes datos<\/p>\n<!-- \/divi:paragraph --> <!-- divi:paragraph -->\n<p><strong>ATLANTIC OCEAN PROPERTIES S.C.<\/strong><\/p>\n<!-- \/divi:paragraph --> <!-- divi:paragraph -->\n<p><strong>C.I.F.:\u00a078530927A<\/strong><\/p>\n<!-- \/divi:paragraph --> <!-- divi:paragraph -->\n<p><strong><a href=\"http:\/\/yellowinmo.dev.theroomsocial.com\">www.atlanticocean-properties.com<\/a><\/strong><\/p>\n<!-- \/divi:paragraph --> <!-- divi:paragraph -->\n<p><strong><a href=\"mailto:contacto@atlanticocean-properties.com\">contacto@atlanticocean-properties.com<\/a><\/strong><\/p>\n<!-- \/divi:paragraph -->[\/et_pb_text][\/et_pb_column][\/et_pb_row][\/et_pb_section]\n\n\n","protected":false},"excerpt":{"rendered":"<p>www.atlanticocean-properties.com adoptar\u00e1 todas las Medidas de Seguridad en relaci\u00f3n con el tratamiento realizado y los datos tratados en ellos, de acuerdo con lo previsto en la legislaci\u00f3n vigente en materia de Protecci\u00f3n de Datos de Car\u00e1cter Personal, y normas complementarias. Los interesados que faciliten datos de car\u00e1cter personal, consienten inequ\u00edvocamente la incorporaci\u00f3n de sus datos [&hellip;]<\/p>\n","protected":false},"author":1,"featured_media":0,"parent":0,"menu_order":0,"comment_status":"closed","ping_status":"closed","template":"","meta":{"_et_pb_use_builder":"on","_et_pb_old_content":"<!-- wp:paragraph -->\n<p><strong><a href=\"http:\/\/yellowinmo.dev.theroomsocial.com\">www.atlanticocean-properties.com<\/a><\/strong> adoptar\u00e1 todas las Medidas de Seguridad en relaci\u00f3n con el tratamiento realizado y los datos tratados en ellos, de acuerdo con lo previsto en la legislaci\u00f3n vigente en materia de Protecci\u00f3n de Datos de Car\u00e1cter Personal, y normas complementarias.<\/p>\n<!-- \/wp:paragraph -->\n\n<!-- wp:paragraph -->\n<p>Los interesados que faciliten datos de car\u00e1cter personal, consienten inequ\u00edvocamente la incorporaci\u00f3n de sus datos a los sistemas de informaci\u00f3n, de los que sea responsable&nbsp;<strong>www.atlanticocean-properties.com&nbsp;<\/strong>as\u00ed como el tratamiento informatizado, o no, de los mismos para que puedan ser utilizados con la finalidad para la cual han sido recabados. Cualquier otro uso necesitar\u00e1 el consentimiento inequ\u00edvoco del afectado.<\/p>\n<!-- \/wp:paragraph -->\n\n<!-- wp:paragraph -->\n<p>Los interesados cuyos datos sean objeto de tratamiento podr\u00e1n ejercitar gratuitamente los derechos de acceso, rectificaci\u00f3n, supresi\u00f3n, limitaci\u00f3n del tratamiento, portabilidad y oposici\u00f3n, sin efectos retroactivos dirigiendo comunicaci\u00f3n por escrito a&nbsp;<strong>www.atlanticocean-properties.com<\/strong><\/p>\n<!-- \/wp:paragraph -->\n\n<!-- wp:paragraph -->\n<p>En el momento de proceder a la recogida de los datos se indicar\u00e1 el car\u00e1cter voluntario u obligatorio de los datos objeto de recogida. La negativa a proporcionar los datos calificados como obligatorios supondr\u00e1 la no prestaci\u00f3n o la imposibilidad de acceder al servicio para los que eran solicitados.<\/p>\n<!-- \/wp:paragraph -->\n\n<!-- wp:paragraph -->\n<p>En el caso de que los interesados debieran facilitar su direcci\u00f3n de correo electr\u00f3nico para acceder a algunos de los servicios ofertados, podr\u00e1n manifestar que no desean recibir ning\u00fan tipo de comunicaci\u00f3n que\u00a0<strong>www.atlanticocean-properties.com\u00a0<\/strong>pudiese enviar, siempre que no est\u00e9 ligada estrictamente a la finalidad para la que se solicit\u00f3 el servicio<strong>\u00a0www.atlanticocean-properties.com\u00a0<\/strong>pondr\u00e1 a disposici\u00f3n de los interesados que se hubiesen inscrito en alg\u00fan tipo de lista de correo dentro de este website los mecanismos adecuados para darse de baja de la misma.<\/p>\n<!-- \/wp:paragraph -->\n\n<!-- wp:paragraph -->\n<p>Estamos aqu\u00ed<\/p>\n<!-- \/wp:paragraph -->\n\n<!-- wp:paragraph -->\n<p><strong><u>Deber de informaci\u00f3n LSSI<\/u><\/strong><\/p>\n<!-- \/wp:paragraph -->\n\n<!-- wp:paragraph -->\n<p>En cumplimiento con lo previsto en la Ley 34\/2002, de 11 de julio, de Servicios de la Sociedad de la Informaci\u00f3n y Comercio Electr\u00f3nico, se comunican los siguientes datos<\/p>\n<!-- \/wp:paragraph -->\n\n<!-- wp:paragraph -->\n<p><strong>ATLANTIC OCEAN PROPERTIES S.C<\/strong><\/p>\n<!-- \/wp:paragraph -->\n\n<!-- wp:paragraph -->\n<p><strong>C.I.F.:&nbsp;78530927A<\/strong><\/p>\n<!-- \/wp:paragraph -->\n\n<!-- wp:paragraph -->\n<p><strong><a href=\"http:\/\/yellowinmo.dev.theroomsocial.com\">www.atlanticocean-properties.com<\/a><\/strong><\/p>\n<!-- \/wp:paragraph -->\n\n<!-- wp:paragraph -->\n<p><strong><a href=\"mailto:contacto@atlanticocean-properties.com\">contacto@atlanticocean-properties.com<\/a><\/strong><\/p>\n<!-- \/wp:paragraph -->","_et_gb_content_width":"1080","footnotes":""},"class_list":["post-4404","page","type-page","status-publish","hentry"],"_links":{"self":[{"href":"http:\/\/yellowinmo.dev.theroomsocial.com\/fr\/wp-json\/wp\/v2\/pages\/4404","targetHints":{"allow":["GET"]}}],"collection":[{"href":"http:\/\/yellowinmo.dev.theroomsocial.com\/fr\/wp-json\/wp\/v2\/pages"}],"about":[{"href":"http:\/\/yellowinmo.dev.theroomsocial.com\/fr\/wp-json\/wp\/v2\/types\/page"}],"author":[{"embeddable":true,"href":"http:\/\/yellowinmo.dev.theroomsocial.com\/fr\/wp-json\/wp\/v2\/users\/1"}],"replies":[{"embeddable":true,"href":"http:\/\/yellowinmo.dev.theroomsocial.com\/fr\/wp-json\/wp\/v2\/comments?post=4404"}],"version-history":[{"count":1,"href":"http:\/\/yellowinmo.dev.theroomsocial.com\/fr\/wp-json\/wp\/v2\/pages\/4404\/revisions"}],"predecessor-version":[{"id":4405,"href":"http:\/\/yellowinmo.dev.theroomsocial.com\/fr\/wp-json\/wp\/v2\/pages\/4404\/revisions\/4405"}],"wp:attachment":[{"href":"http:\/\/yellowinmo.dev.theroomsocial.com\/fr\/wp-json\/wp\/v2\/media?parent=4404"}],"curies":[{"name":"wp","href":"https:\/\/api.w.org\/{rel}","templated":true}]}}