{"id":4399,"date":"2020-08-12T07:19:13","date_gmt":"2020-08-12T07:19:13","guid":{"rendered":"http:\/\/yellowinmo.dev.theroomsocial.com\/datenschutzbestimmungen\/"},"modified":"2020-09-18T09:58:32","modified_gmt":"2020-09-18T09:58:32","slug":"privacy-policy","status":"publish","type":"page","link":"http:\/\/yellowinmo.dev.theroomsocial.com\/en\/privacy-policy\/","title":{"rendered":"Privacy policy"},"content":{"rendered":"\n\n[et_pb_section fb_built=&#8221;1&#8243; _builder_version=&#8221;3.22&#8243;][et_pb_row _builder_version=&#8221;3.25&#8243; background_size=&#8221;initial&#8221; background_position=&#8221;top_left&#8221; background_repeat=&#8221;repeat&#8221;][et_pb_column type=&#8221;4_4&#8243; _builder_version=&#8221;3.25&#8243; custom_padding=&#8221;|||&#8221; custom_padding__hover=&#8221;|||&#8221;][et_pb_post_title _builder_version=&#8221;4.5.3&#8243; _module_preset=&#8221;default&#8221; meta=&#8221;off&#8221; featured_image=&#8221;off&#8221; hover_enabled=&#8221;0&#8243; title_text_color=&#8221;#24688c&#8221; title_font=&#8221;|700|||||||&#8221; title_font_size=&#8221;2em&#8221; custom_padding=&#8221;||0em||false|false&#8221; custom_margin=&#8221;||||false|false&#8221;][\/et_pb_post_title][et_pb_text _builder_version=&#8221;3.27.4&#8243; background_size=&#8221;initial&#8221; background_position=&#8221;top_left&#8221; background_repeat=&#8221;repeat&#8221;]<!-- divi:paragraph -->\n<p><strong><a href=\"http:\/\/yellowinmo.dev.theroomsocial.com\">www.atlanticocean-properties.com<\/a><\/strong> adoptar\u00e1 todas las Medidas de Seguridad en relaci\u00f3n con el tratamiento realizado y los datos tratados en ellos, de acuerdo con lo previsto en la legislaci\u00f3n vigente en materia de Protecci\u00f3n de Datos de Car\u00e1cter Personal, y normas complementarias.<\/p>\n<!-- \/divi:paragraph --> <!-- divi:paragraph -->\n<p>Los interesados que faciliten datos de car\u00e1cter personal, consienten inequ\u00edvocamente la incorporaci\u00f3n de sus datos a los sistemas de informaci\u00f3n, de los que sea responsable\u00a0<strong>www.atlanticocean-properties.com\u00a0<\/strong>as\u00ed como el tratamiento informatizado, o no, de los mismos para que puedan ser utilizados con la finalidad para la cual han sido recabados. Cualquier otro uso necesitar\u00e1 el consentimiento inequ\u00edvoco del afectado.<\/p>\n<!-- \/divi:paragraph --> <!-- divi:paragraph -->\n<p>Los interesados cuyos datos sean objeto de tratamiento podr\u00e1n ejercitar gratuitamente los derechos de acceso, rectificaci\u00f3n, supresi\u00f3n, limitaci\u00f3n del tratamiento, portabilidad y oposici\u00f3n, sin efectos retroactivos dirigiendo comunicaci\u00f3n por escrito a\u00a0<strong>www.atlanticocean-properties.com<\/strong><\/p>\n<!-- \/divi:paragraph --> <!-- divi:paragraph -->\n<p>En el momento de proceder a la recogida de los datos se indicar\u00e1 el car\u00e1cter voluntario u obligatorio de los datos objeto de recogida. La negativa a proporcionar los datos calificados como obligatorios supondr\u00e1 la no prestaci\u00f3n o la imposibilidad de acceder al servicio para los que eran solicitados.<\/p>\n<!-- \/divi:paragraph --> <!-- divi:paragraph -->\n<p>En el caso de que los interesados debieran facilitar su direcci\u00f3n de correo electr\u00f3nico para acceder a algunos de los servicios ofertados, podr\u00e1n manifestar que no desean recibir ning\u00fan tipo de comunicaci\u00f3n que\u00a0<strong>www.atlanticocean-properties.com\u00a0<\/strong>pudiese enviar, siempre que no est\u00e9 ligada estrictamente a la finalidad para la que se solicit\u00f3 el servicio<strong>\u00a0www.atlanticocean-properties.com\u00a0<\/strong>pondr\u00e1 a disposici\u00f3n de los interesados que se hubiesen inscrito en alg\u00fan tipo de lista de correo dentro de este website los mecanismos adecuados para darse de baja de la misma.<\/p>\n<!-- \/divi:paragraph --> <!-- divi:paragraph -->\n<p>Estamos aqu\u00ed<\/p>\n<!-- \/divi:paragraph --> <!-- divi:paragraph -->\n<p><strong><u>Deber de informaci\u00f3n LSSI<\/u><\/strong><\/p>\n<!-- \/divi:paragraph --> <!-- divi:paragraph -->\n<p>En cumplimiento con lo previsto en la Ley 34\/2002, de 11 de julio, de Servicios de la Sociedad de la Informaci\u00f3n y Comercio Electr\u00f3nico, se comunican los siguientes datos<\/p>\n<!-- \/divi:paragraph --> <!-- divi:paragraph -->\n<p><strong>ATLANTIC OCEAN PROPERTIES S.C.<\/strong><\/p>\n<!-- \/divi:paragraph --> <!-- divi:paragraph -->\n<p><strong>C.I.F.:\u00a078530927A<\/strong><\/p>\n<!-- \/divi:paragraph --> <!-- divi:paragraph -->\n<p><strong><a href=\"http:\/\/yellowinmo.dev.theroomsocial.com\">www.atlanticocean-properties.com<\/a><\/strong><\/p>\n<!-- \/divi:paragraph --> <!-- divi:paragraph -->\n<p><strong><a href=\"mailto:contacto@atlanticocean-properties.com\">contacto@atlanticocean-properties.com<\/a><\/strong><\/p>\n<!-- \/divi:paragraph -->[\/et_pb_text][\/et_pb_column][\/et_pb_row][\/et_pb_section]\n\n","protected":false},"excerpt":{"rendered":"<p>www.atlanticocean-properties.com adoptar\u00e1 todas las Medidas de Seguridad en relaci\u00f3n con el tratamiento realizado y los datos tratados en ellos, de acuerdo con lo previsto en la legislaci\u00f3n vigente en materia de Protecci\u00f3n de Datos de Car\u00e1cter Personal, y normas complementarias. Los interesados que faciliten datos de car\u00e1cter personal, consienten inequ\u00edvocamente la incorporaci\u00f3n de sus datos [&hellip;]<\/p>\n","protected":false},"author":1,"featured_media":0,"parent":0,"menu_order":0,"comment_status":"closed","ping_status":"closed","template":"","meta":{"_et_pb_use_builder":"on","_et_pb_old_content":"<!-- wp:paragraph -->\n<p><strong><a href=\"http:\/\/yellowinmo.dev.theroomsocial.com\">www.atlanticocean-properties.com<\/a><\/strong> adoptar\u00e1 todas las Medidas de Seguridad en relaci\u00f3n con el tratamiento realizado y los datos tratados en ellos, de acuerdo con lo previsto en la legislaci\u00f3n vigente en materia de Protecci\u00f3n de Datos de Car\u00e1cter Personal, y normas complementarias.<\/p>\n<!-- \/wp:paragraph -->\n\n<!-- wp:paragraph -->\n<p>Los interesados que faciliten datos de car\u00e1cter personal, consienten inequ\u00edvocamente la incorporaci\u00f3n de sus datos a los sistemas de informaci\u00f3n, de los que sea responsable&nbsp;<strong>www.atlanticocean-properties.com&nbsp;<\/strong>as\u00ed como el tratamiento informatizado, o no, de los mismos para que puedan ser utilizados con la finalidad para la cual han sido recabados. Cualquier otro uso necesitar\u00e1 el consentimiento inequ\u00edvoco del afectado.<\/p>\n<!-- \/wp:paragraph -->\n\n<!-- wp:paragraph -->\n<p>Los interesados cuyos datos sean objeto de tratamiento podr\u00e1n ejercitar gratuitamente los derechos de acceso, rectificaci\u00f3n, supresi\u00f3n, limitaci\u00f3n del tratamiento, portabilidad y oposici\u00f3n, sin efectos retroactivos dirigiendo comunicaci\u00f3n por escrito a&nbsp;<strong>www.atlanticocean-properties.com<\/strong><\/p>\n<!-- \/wp:paragraph -->\n\n<!-- wp:paragraph -->\n<p>En el momento de proceder a la recogida de los datos se indicar\u00e1 el car\u00e1cter voluntario u obligatorio de los datos objeto de recogida. La negativa a proporcionar los datos calificados como obligatorios supondr\u00e1 la no prestaci\u00f3n o la imposibilidad de acceder al servicio para los que eran solicitados.<\/p>\n<!-- \/wp:paragraph -->\n\n<!-- wp:paragraph -->\n<p>En el caso de que los interesados debieran facilitar su direcci\u00f3n de correo electr\u00f3nico para acceder a algunos de los servicios ofertados, podr\u00e1n manifestar que no desean recibir ning\u00fan tipo de comunicaci\u00f3n que\u00a0<strong>www.atlanticocean-properties.com\u00a0<\/strong>pudiese enviar, siempre que no est\u00e9 ligada estrictamente a la finalidad para la que se solicit\u00f3 el servicio<strong>\u00a0www.atlanticocean-properties.com\u00a0<\/strong>pondr\u00e1 a disposici\u00f3n de los interesados que se hubiesen inscrito en alg\u00fan tipo de lista de correo dentro de este website los mecanismos adecuados para darse de baja de la misma.<\/p>\n<!-- \/wp:paragraph -->\n\n<!-- wp:paragraph -->\n<p>Estamos aqu\u00ed<\/p>\n<!-- \/wp:paragraph -->\n\n<!-- wp:paragraph -->\n<p><strong><u>Deber de informaci\u00f3n LSSI<\/u><\/strong><\/p>\n<!-- \/wp:paragraph -->\n\n<!-- wp:paragraph -->\n<p>En cumplimiento con lo previsto en la Ley 34\/2002, de 11 de julio, de Servicios de la Sociedad de la Informaci\u00f3n y Comercio Electr\u00f3nico, se comunican los siguientes datos<\/p>\n<!-- \/wp:paragraph -->\n\n<!-- wp:paragraph -->\n<p><strong>ATLANTIC OCEAN PROPERTIES S.C<\/strong><\/p>\n<!-- \/wp:paragraph -->\n\n<!-- wp:paragraph -->\n<p><strong>C.I.F.:&nbsp;78530927A<\/strong><\/p>\n<!-- \/wp:paragraph -->\n\n<!-- wp:paragraph -->\n<p><strong><a href=\"http:\/\/yellowinmo.dev.theroomsocial.com\">www.atlanticocean-properties.com<\/a><\/strong><\/p>\n<!-- \/wp:paragraph -->\n\n<!-- wp:paragraph -->\n<p><strong><a href=\"mailto:contacto@atlanticocean-properties.com\">contacto@atlanticocean-properties.com<\/a><\/strong><\/p>\n<!-- \/wp:paragraph -->","_et_gb_content_width":"1080","footnotes":""},"class_list":["post-4399","page","type-page","status-publish","hentry"],"_links":{"self":[{"href":"http:\/\/yellowinmo.dev.theroomsocial.com\/en\/wp-json\/wp\/v2\/pages\/4399","targetHints":{"allow":["GET"]}}],"collection":[{"href":"http:\/\/yellowinmo.dev.theroomsocial.com\/en\/wp-json\/wp\/v2\/pages"}],"about":[{"href":"http:\/\/yellowinmo.dev.theroomsocial.com\/en\/wp-json\/wp\/v2\/types\/page"}],"author":[{"embeddable":true,"href":"http:\/\/yellowinmo.dev.theroomsocial.com\/en\/wp-json\/wp\/v2\/users\/1"}],"replies":[{"embeddable":true,"href":"http:\/\/yellowinmo.dev.theroomsocial.com\/en\/wp-json\/wp\/v2\/comments?post=4399"}],"version-history":[{"count":1,"href":"http:\/\/yellowinmo.dev.theroomsocial.com\/en\/wp-json\/wp\/v2\/pages\/4399\/revisions"}],"predecessor-version":[{"id":4403,"href":"http:\/\/yellowinmo.dev.theroomsocial.com\/en\/wp-json\/wp\/v2\/pages\/4399\/revisions\/4403"}],"wp:attachment":[{"href":"http:\/\/yellowinmo.dev.theroomsocial.com\/en\/wp-json\/wp\/v2\/media?parent=4399"}],"curies":[{"name":"wp","href":"https:\/\/api.w.org\/{rel}","templated":true}]}}